{"id":82,"date":"2022-10-20T03:46:15","date_gmt":"2022-10-20T03:46:15","guid":{"rendered":"https:\/\/plcconsultores.cl\/?page_id=82"},"modified":"2022-10-20T03:58:27","modified_gmt":"2022-10-20T03:58:27","slug":"nch27282015-gestion-de-la-seguridad-de-la-informacion","status":"publish","type":"page","link":"https:\/\/plcconsultores.cl\/index.php\/nch27282015-gestion-de-la-seguridad-de-la-informacion\/","title":{"rendered":"IMPLEMENTACI\u00d3N Y MANTENIMIENTO NORMA NCH 27:28:2015"},"content":{"rendered":"\n<p>NCH2728:2015 es la norma nacional que establece los requisitos a cumplir por los Organismos T\u00e9cnicos de Capacitaci\u00f3n para certificar su Sistema de Gesti\u00f3n de la Calidad, orient\u00e1ndolos hacia la industria de la capacitaci\u00f3n.<\/p>\n\n\n\n<p><\/p>\n","protected":false},"excerpt":{"rendered":"<p>NCH2728:2015 es la norma nacional que establece los requisitos a cumplir por los Organismos T\u00e9cnicos de Capacitaci\u00f3n para certificar su Sistema de Gesti\u00f3n de la Calidad, orient\u00e1ndolos hacia la industria de la capacitaci\u00f3n.<\/p>\n","protected":false},"author":1,"featured_media":0,"parent":0,"menu_order":0,"comment_status":"closed","ping_status":"closed","template":"templates\/template-page-full-width.php","meta":{"footnotes":""},"class_list":["post-82","page","type-page","status-publish","hentry"],"_links":{"self":[{"href":"https:\/\/plcconsultores.cl\/index.php\/wp-json\/wp\/v2\/pages\/82","targetHints":{"allow":["GET"]}}],"collection":[{"href":"https:\/\/plcconsultores.cl\/index.php\/wp-json\/wp\/v2\/pages"}],"about":[{"href":"https:\/\/plcconsultores.cl\/index.php\/wp-json\/wp\/v2\/types\/page"}],"author":[{"embeddable":true,"href":"https:\/\/plcconsultores.cl\/index.php\/wp-json\/wp\/v2\/users\/1"}],"replies":[{"embeddable":true,"href":"https:\/\/plcconsultores.cl\/index.php\/wp-json\/wp\/v2\/comments?post=82"}],"version-history":[{"count":2,"href":"https:\/\/plcconsultores.cl\/index.php\/wp-json\/wp\/v2\/pages\/82\/revisions"}],"predecessor-version":[{"id":100,"href":"https:\/\/plcconsultores.cl\/index.php\/wp-json\/wp\/v2\/pages\/82\/revisions\/100"}],"wp:attachment":[{"href":"https:\/\/plcconsultores.cl\/index.php\/wp-json\/wp\/v2\/media?parent=82"}],"curies":[{"name":"wp","href":"https:\/\/api.w.org\/{rel}","templated":true}]}}