{"id":80,"date":"2022-10-20T03:44:34","date_gmt":"2022-10-20T03:44:34","guid":{"rendered":"https:\/\/plcconsultores.cl\/?page_id=80"},"modified":"2022-10-20T03:57:27","modified_gmt":"2022-10-20T03:57:27","slug":"iso-450012018-gestion-de-la-salud-y-seguridad-ocupacional","status":"publish","type":"page","link":"https:\/\/plcconsultores.cl\/index.php\/iso-450012018-gestion-de-la-salud-y-seguridad-ocupacional\/","title":{"rendered":"IMPLEMENTACI\u00d3N Y MANTENIMIENTO NORMA ISO 45001:2018 Gesti\u00f3n de la Salud y Seguridad y Salud en el Trabajo"},"content":{"rendered":"\n<p><strong>ISO 45001:2018<\/strong> es la norma sobre sistemas de gesti\u00f3n de seguridad y salud ocupacional (SG SySO) m\u00e1s aplicada por organizaciones de todo sector y tama\u00f1o, para la implementaci\u00f3n de pol\u00edticas y procedimientos, que redunden en una ambiente de trabajo seguro y que conduzcan a la reducci\u00f3n de accidentes, lesiones y enfermedades originadas por las actividades, productos y servicios de una empresa.<\/p>\n","protected":false},"excerpt":{"rendered":"<p>ISO 45001:2018 es la norma sobre sistemas de gesti\u00f3n de seguridad y salud ocupacional (SG SySO) m\u00e1s aplicada por organizaciones de todo sector y tama\u00f1o, para la implementaci\u00f3n de pol\u00edticas y procedimientos, que redunden en una ambiente de trabajo seguro y que conduzcan a la reducci\u00f3n de accidentes, lesiones y enfermedades originadas por las actividades, [&hellip;]<\/p>\n","protected":false},"author":1,"featured_media":0,"parent":0,"menu_order":0,"comment_status":"closed","ping_status":"closed","template":"templates\/template-page-full-width.php","meta":{"footnotes":""},"class_list":["post-80","page","type-page","status-publish","hentry"],"_links":{"self":[{"href":"https:\/\/plcconsultores.cl\/index.php\/wp-json\/wp\/v2\/pages\/80","targetHints":{"allow":["GET"]}}],"collection":[{"href":"https:\/\/plcconsultores.cl\/index.php\/wp-json\/wp\/v2\/pages"}],"about":[{"href":"https:\/\/plcconsultores.cl\/index.php\/wp-json\/wp\/v2\/types\/page"}],"author":[{"embeddable":true,"href":"https:\/\/plcconsultores.cl\/index.php\/wp-json\/wp\/v2\/users\/1"}],"replies":[{"embeddable":true,"href":"https:\/\/plcconsultores.cl\/index.php\/wp-json\/wp\/v2\/comments?post=80"}],"version-history":[{"count":2,"href":"https:\/\/plcconsultores.cl\/index.php\/wp-json\/wp\/v2\/pages\/80\/revisions"}],"predecessor-version":[{"id":99,"href":"https:\/\/plcconsultores.cl\/index.php\/wp-json\/wp\/v2\/pages\/80\/revisions\/99"}],"wp:attachment":[{"href":"https:\/\/plcconsultores.cl\/index.php\/wp-json\/wp\/v2\/media?parent=80"}],"curies":[{"name":"wp","href":"https:\/\/api.w.org\/{rel}","templated":true}]}}