{"id":77,"date":"2022-10-20T03:42:51","date_gmt":"2022-10-20T03:42:51","guid":{"rendered":"https:\/\/plcconsultores.cl\/?page_id=77"},"modified":"2022-10-20T03:56:55","modified_gmt":"2022-10-20T03:56:55","slug":"iso-140012015-gestion-del-medio-ambiente","status":"publish","type":"page","link":"https:\/\/plcconsultores.cl\/index.php\/iso-140012015-gestion-del-medio-ambiente\/","title":{"rendered":"IMPLEMENTACI\u00d3N Y MANTENIMIENTO NORMA ISO 14001:2015 Gesti\u00f3n del Medio Ambiente"},"content":{"rendered":"\n<p><strong>ISO 14001<\/strong> es la norma sobre sistemas de gesti\u00f3n ambiental (SGA) aplicada por organizaciones de todo sector y tama\u00f1o para la implementaci\u00f3n de procesos y actividades que mejoren su desempe\u00f1o ambiental. Esto incluye el consumo de energ\u00eda, la gesti\u00f3n de residuos, el cumplimiento de la legislaci\u00f3n y de los requisitos ambientales de sus partes interesadas (clientes, proveedores, etc.) y la planificaci\u00f3n de sus recursos.<\/p>\n","protected":false},"excerpt":{"rendered":"<p>ISO 14001 es la norma sobre sistemas de gesti\u00f3n ambiental (SGA) aplicada por organizaciones de todo sector y tama\u00f1o para la implementaci\u00f3n de procesos y actividades que mejoren su desempe\u00f1o ambiental. Esto incluye el consumo de energ\u00eda, la gesti\u00f3n de residuos, el cumplimiento de la legislaci\u00f3n y de los requisitos ambientales de sus partes interesadas [&hellip;]<\/p>\n","protected":false},"author":1,"featured_media":78,"parent":0,"menu_order":0,"comment_status":"closed","ping_status":"closed","template":"templates\/template-page-full-width.php","meta":{"footnotes":""},"class_list":["post-77","page","type-page","status-publish","has-post-thumbnail","hentry"],"_links":{"self":[{"href":"https:\/\/plcconsultores.cl\/index.php\/wp-json\/wp\/v2\/pages\/77","targetHints":{"allow":["GET"]}}],"collection":[{"href":"https:\/\/plcconsultores.cl\/index.php\/wp-json\/wp\/v2\/pages"}],"about":[{"href":"https:\/\/plcconsultores.cl\/index.php\/wp-json\/wp\/v2\/types\/page"}],"author":[{"embeddable":true,"href":"https:\/\/plcconsultores.cl\/index.php\/wp-json\/wp\/v2\/users\/1"}],"replies":[{"embeddable":true,"href":"https:\/\/plcconsultores.cl\/index.php\/wp-json\/wp\/v2\/comments?post=77"}],"version-history":[{"count":2,"href":"https:\/\/plcconsultores.cl\/index.php\/wp-json\/wp\/v2\/pages\/77\/revisions"}],"predecessor-version":[{"id":98,"href":"https:\/\/plcconsultores.cl\/index.php\/wp-json\/wp\/v2\/pages\/77\/revisions\/98"}],"wp:featuredmedia":[{"embeddable":true,"href":"https:\/\/plcconsultores.cl\/index.php\/wp-json\/wp\/v2\/media\/78"}],"wp:attachment":[{"href":"https:\/\/plcconsultores.cl\/index.php\/wp-json\/wp\/v2\/media?parent=77"}],"curies":[{"name":"wp","href":"https:\/\/api.w.org\/{rel}","templated":true}]}}