{"id":74,"date":"2022-10-20T03:37:45","date_gmt":"2022-10-20T03:37:45","guid":{"rendered":"https:\/\/plcconsultores.cl\/?page_id=74"},"modified":"2022-10-20T03:55:35","modified_gmt":"2022-10-20T03:55:35","slug":"iso-90012015-gestion-de-la-calidad","status":"publish","type":"page","link":"https:\/\/plcconsultores.cl\/index.php\/iso-90012015-gestion-de-la-calidad\/","title":{"rendered":"IMPLEMENTACI\u00d3N Y MANTENIMIENTO NORMA ISO 9001:2015 Gesti\u00f3n de la Calidad"},"content":{"rendered":"\n<p>ISO 9001:2015 es la norma sobre sistemas de gesti\u00f3n m\u00e1s difundida y aplicada globalmente. Hoy es utilizada por m\u00e1s 1,2 millones de organizaciones como herramienta para un funcionamiento m\u00e1s eficiente y rentable, estableciendo un marco de referencia para la provisi\u00f3n de productos y servicios confiables, procesos con un desempe\u00f1o consistente y la mejora continua en el largo plazo enfocada en la satisfacci\u00f3n del cliente.<\/p>\n","protected":false},"excerpt":{"rendered":"<p>ISO 9001:2015 es la norma sobre sistemas de gesti\u00f3n m\u00e1s difundida y aplicada globalmente. Hoy es utilizada por m\u00e1s 1,2 millones de organizaciones como herramienta para un funcionamiento m\u00e1s eficiente y rentable, estableciendo un marco de referencia para la provisi\u00f3n de productos y servicios confiables, procesos con un desempe\u00f1o consistente y la mejora continua en [&hellip;]<\/p>\n","protected":false},"author":1,"featured_media":75,"parent":0,"menu_order":0,"comment_status":"closed","ping_status":"closed","template":"templates\/template-page-full-width.php","meta":{"footnotes":""},"class_list":["post-74","page","type-page","status-publish","has-post-thumbnail","hentry"],"_links":{"self":[{"href":"https:\/\/plcconsultores.cl\/index.php\/wp-json\/wp\/v2\/pages\/74","targetHints":{"allow":["GET"]}}],"collection":[{"href":"https:\/\/plcconsultores.cl\/index.php\/wp-json\/wp\/v2\/pages"}],"about":[{"href":"https:\/\/plcconsultores.cl\/index.php\/wp-json\/wp\/v2\/types\/page"}],"author":[{"embeddable":true,"href":"https:\/\/plcconsultores.cl\/index.php\/wp-json\/wp\/v2\/users\/1"}],"replies":[{"embeddable":true,"href":"https:\/\/plcconsultores.cl\/index.php\/wp-json\/wp\/v2\/comments?post=74"}],"version-history":[{"count":3,"href":"https:\/\/plcconsultores.cl\/index.php\/wp-json\/wp\/v2\/pages\/74\/revisions"}],"predecessor-version":[{"id":97,"href":"https:\/\/plcconsultores.cl\/index.php\/wp-json\/wp\/v2\/pages\/74\/revisions\/97"}],"wp:featuredmedia":[{"embeddable":true,"href":"https:\/\/plcconsultores.cl\/index.php\/wp-json\/wp\/v2\/media\/75"}],"wp:attachment":[{"href":"https:\/\/plcconsultores.cl\/index.php\/wp-json\/wp\/v2\/media?parent=74"}],"curies":[{"name":"wp","href":"https:\/\/api.w.org\/{rel}","templated":true}]}}