{"id":50,"date":"2022-09-30T02:42:41","date_gmt":"2022-09-30T02:42:41","guid":{"rendered":"https:\/\/plcconsultores.cl\/?page_id=50"},"modified":"2022-09-30T02:48:40","modified_gmt":"2022-09-30T02:48:40","slug":"plc-limitada","status":"publish","type":"page","link":"https:\/\/plcconsultores.cl\/index.php\/plc-limitada\/","title":{"rendered":"PLC LIMITADA"},"content":{"rendered":"\n<p>PLC LIMITADA desde el a\u00f1o 2012 ofrece servicios de asesor\u00eda para la implementaci\u00f3n y certificaci\u00f3n de Sistemas de Gesti\u00f3n ISO, acorde a su infraestructura, simples y efectivos para su operaci\u00f3n, permaneciendo siempre a su lado durante el desarrollo del proyecto, asegurando que toda la organizaci\u00f3n se siente part\u00edcipe del mismo.<\/p>\n\n\n\n<p>Con nosotros, obtendr\u00e1 que su Sistema de Gesti\u00f3n ISO 9001 sea en su organizaci\u00f3n una verdadera herramienta para la mejora de procesos y logro de sus resultados.<\/p>\n\n\n\n<h1 class=\"wp-block-heading\"><strong>Metodolog\u00eda<\/strong><\/h1>\n\n\n\n<p>Para obtener la certificaci\u00f3n exitosamente, nuestro servicio de asesor\u00eda incluye:<\/p>\n\n\n\n<ul class=\"wp-block-list\"><li>Planificaci\u00f3n del proyecto<\/li><li>Diagn\u00f3stico y establecimiento de acciones inmediatas necesarias.<\/li><li>Capacitaci\u00f3n al personal involucrado en el proyecto.<\/li><li>Elaboraci\u00f3n, si as\u00ed lo solicita el cliente de los manuales y procedimientos en coordinaci\u00f3n con personal de su organizaci\u00f3n.<\/li><li>Asistencia en la implementaci\u00f3n online y presencial, seg\u00fan necesidad.<\/li><li>La auditor\u00eda interna a todo el sistema.<\/li><li>Acompa\u00f1amiento en la auditoria de certificaci\u00f3n.<\/li><li>Asesor\u00eda en la elecci\u00f3n del organismo para la auditor\u00eda de certificaci\u00f3n.<\/li><\/ul>\n\n\n\n<p><\/p>\n\n\n\n<h1 class=\"wp-block-heading\"><strong>Nuestro Compromiso<\/strong><\/h1>\n\n\n\n<p>Creemos que un buen servicio de consultor\u00eda tiene que contar con:<\/p>\n\n\n\n<ul class=\"wp-block-list\"><li>Soluciones \u00fatiles,<\/li><li>Dedicaci\u00f3n,<\/li><li>Sinergias con el cliente,<\/li><li>Consultores con un enfoque y compromiso total con el proyecto,<\/li><li>Propuesta detallada de los objetivos de la intervenci\u00f3n, el tiempo y el costo,<\/li><li>Metodolog\u00eda sencilla y eficaz para elaborar su estructura documental: manuales, procedimientos, instructivos, formatos, etc.<\/li><li>Enfoque a resultados, con la participaci\u00f3n de toda la empresa,<\/li><li>Confidencialidad de su informaci\u00f3n,<\/li><li>Formaci\u00f3n necesaria para lograr con \u00e9xito la certificaci\u00f3n,<\/li><li>Finalizaci\u00f3n del proyecto a tiempo y con eficacia en la aplicaci\u00f3n.<\/li><\/ul>\n","protected":false},"excerpt":{"rendered":"<p>PLC LIMITADA desde el a\u00f1o 2012 ofrece servicios de asesor\u00eda para la implementaci\u00f3n y certificaci\u00f3n de Sistemas de Gesti\u00f3n ISO, acorde a su infraestructura, simples y efectivos para su operaci\u00f3n, permaneciendo siempre a su lado durante el desarrollo del proyecto, asegurando que toda la organizaci\u00f3n se siente part\u00edcipe del mismo. Con nosotros, obtendr\u00e1 que su [&hellip;]<\/p>\n","protected":false},"author":1,"featured_media":0,"parent":0,"menu_order":0,"comment_status":"closed","ping_status":"closed","template":"templates\/template-page-full-width.php","meta":{"footnotes":""},"class_list":["post-50","page","type-page","status-publish","hentry"],"_links":{"self":[{"href":"https:\/\/plcconsultores.cl\/index.php\/wp-json\/wp\/v2\/pages\/50","targetHints":{"allow":["GET"]}}],"collection":[{"href":"https:\/\/plcconsultores.cl\/index.php\/wp-json\/wp\/v2\/pages"}],"about":[{"href":"https:\/\/plcconsultores.cl\/index.php\/wp-json\/wp\/v2\/types\/page"}],"author":[{"embeddable":true,"href":"https:\/\/plcconsultores.cl\/index.php\/wp-json\/wp\/v2\/users\/1"}],"replies":[{"embeddable":true,"href":"https:\/\/plcconsultores.cl\/index.php\/wp-json\/wp\/v2\/comments?post=50"}],"version-history":[{"count":3,"href":"https:\/\/plcconsultores.cl\/index.php\/wp-json\/wp\/v2\/pages\/50\/revisions"}],"predecessor-version":[{"id":55,"href":"https:\/\/plcconsultores.cl\/index.php\/wp-json\/wp\/v2\/pages\/50\/revisions\/55"}],"wp:attachment":[{"href":"https:\/\/plcconsultores.cl\/index.php\/wp-json\/wp\/v2\/media?parent=50"}],"curies":[{"name":"wp","href":"https:\/\/api.w.org\/{rel}","templated":true}]}}